{"id":888,"date":"2021-02-20T17:17:18","date_gmt":"2021-02-20T16:17:18","guid":{"rendered":"https:\/\/www.m-mouchette.com\/mentions-legales\/"},"modified":"2021-04-21T16:32:23","modified_gmt":"2021-04-21T14:32:23","slug":"legal-notice","status":"publish","type":"page","link":"https:\/\/www.m-mouchette.com\/en\/legal-notice\/","title":{"rendered":"Legal Notice"},"content":{"rendered":"<p>[et_pb_section fb_built=&#8221;1&#8243; module_class=&#8221;sectionQuoi2Plus mentionsLegales&#8221; _builder_version=&#8221;4.5.7&#8243; _module_preset=&#8221;default&#8221; background_enable_image=&#8221;off&#8221; animation_style=&#8221;fade&#8221; animation_duration=&#8221;1500ms&#8221; animation_delay=&#8221;300ms&#8221;][et_pb_row _builder_version=&#8221;4.4.6&#8243; custom_margin=&#8221;||0px||false|false&#8221; custom_padding=&#8221;5px||5px||true|false&#8221;][et_pb_column type=&#8221;4_4&#8243; _builder_version=&#8221;4.5.1&#8243;][et_pb_text admin_label=&#8221;TITRE H1&#8243; _builder_version=&#8221;4.9.0&#8243; header_font=&#8221;Baskervville|300|||||||&#8221; header_text_align=&#8221;left&#8221; header_font_size=&#8221;31px&#8221;]<\/p>\n<h1>LEGAL NOTICE<\/h1>\n<p>[\/et_pb_text][et_pb_text admin_label=&#8221;\u00c9diteurs du site&#8221; _builder_version=&#8221;4.9.4&#8243; _module_preset=&#8221;default&#8221; hover_enabled=&#8221;0&#8243; sticky_enabled=&#8221;0&#8243;]<\/p>\n<h2>\u00c9diteurs du site<\/h2>\n<p>MOUCHETTE<br \/>chez VAL FI <br \/>Chemin de la Filature <br \/>76860 Ouville-la-Rivi\u00e8re &#8211; France<br \/>T\u00e9l. +33 (0)7 88 39 22 85<br \/>SIREN : 14288563<\/p>\n<p>[\/et_pb_text][\/et_pb_column][\/et_pb_row][et_pb_row column_structure=&#8221;1_2,1_2&#8243; use_custom_gutter=&#8221;on&#8221; gutter_width=&#8221;4&#8243; _builder_version=&#8221;4.5.6&#8243; _module_preset=&#8221;default&#8221;][et_pb_column type=&#8221;1_2&#8243; _builder_version=&#8221;4.5.6&#8243; _module_preset=&#8221;default&#8221;][et_pb_text admin_label=&#8221;Cr\u00e9ation site Internet&#8221; _builder_version=&#8221;4.9.0&#8243; _module_preset=&#8221;default&#8221;]<\/p>\n<h2>Cr\u00e9ation site Internet<\/h2>\n<p><strong>Graphisme &amp; Design, Int\u00e9gration &amp; D\u00e9veloppement :<\/strong><br \/><a href=\"https:\/\/rougesafran.com\" target=\"_blank\" rel=\"noopener noreferrer\">Agence de communication, ROUGE SAFRAN<\/a><\/p>\n<p>[\/et_pb_text][et_pb_text admin_label=&#8221;Conditions d\u2019utilisation&#8221; _builder_version=&#8221;4.9.0&#8243; _module_preset=&#8221;default&#8221;]<\/p>\n<h2>Conditions d\u2019utilisation<\/h2>\n<p>Ce site est accessible par les url suivants : <a href=\"https:\/\/www.m-mouchette.com\">www.m-mouchette.com<\/a> et il est exploit\u00e9 dans le respect de la l\u00e9gislation fran\u00e7aise. L\u2019utilisation de ce site est r\u00e9gie par les pr\u00e9sentes conditions g\u00e9n\u00e9rales. En utilisant le site, vous reconnaissez avoir pris connaissance de ces conditions et les avoir accept\u00e9es. Celles-ci pourront \u00eatre modifi\u00e9es \u00e0 tout moment et sans pr\u00e9avis par les \u00e9diteurs du site.<br \/>\nCes m\u00eames \u00e9diteurs ne sauraient \u00eatre tenus pour responsable en aucune mani\u00e8re d\u2019une mauvaise utilisation du service.<\/p>\n<p>[\/et_pb_text][et_pb_text admin_label=&#8221;Limitation de responsabilit\u00e9&#8221; _builder_version=&#8221;4.9.0&#8243; _module_preset=&#8221;default&#8221;]<\/p>\n<h2>Limitation de responsabilit\u00e9<\/h2>\n<p>Les informations contenues sur ce site sont aussi pr\u00e9cises que possibles et le site est p\u00e9riodiquement remis \u00e0 jour, mais peut toutefois contenir des inexactitudes, des omissions ou des lacunes. Si, toutefois, vous constatez une erreur, une omission ou encore ce qui s\u2019apparente \u00e0 un dysfonctionnement, merci de bien vouloir le signaler sur notre formulaire de contact en d\u00e9crivant le probl\u00e8me de la mani\u00e8re la plus pr\u00e9cise possible.<br \/>\nLes photos sont bien \u00e9videmment non contractuelles et ne sauraient repr\u00e9senter l\u2019authenticit\u00e9 d\u2019une entreprise ou soci\u00e9t\u00e9. Leur seule utilit\u00e9 \u00e9tant de d\u2019agr\u00e9menter le design retro futuriste de ce site Internet.<\/p>\n<p>[\/et_pb_text][et_pb_text admin_label=&#8221;Litiges&#8221; _builder_version=&#8221;4.9.0&#8243; _module_preset=&#8221;default&#8221;]<\/p>\n<h2>Litiges<\/h2>\n<p>Les pr\u00e9sentes conditions sont r\u00e9gies par les lois fran\u00e7aises et toute contestation ou litiges qui pourraient na\u00eetre de l\u2019interpr\u00e9tation ou de l\u2019ex\u00e9cution de celles-ci seront de la comp\u00e9tence exclusive des tribunaux dont d\u00e9pend l\u2019un des deux \u00e9diteurs du site mis en cause. La langue de r\u00e9f\u00e9rence, pour le r\u00e8glement de contentieux \u00e9ventuels, est le fran\u00e7ais.<\/p>\n<p>[\/et_pb_text][et_pb_text admin_label=&#8221;Droit d\u2019acc\u00e8s&#8221; _builder_version=&#8221;4.9.0&#8243; _module_preset=&#8221;default&#8221;]<\/p>\n<h2>Droit d\u2019acc\u00e8s<\/h2>\n<p>En application de cette loi, les internautes disposent d\u2019un droit d\u2019acc\u00e8s, de rectification, de modification et de suppression concernant les donn\u00e9es qui les concernent personnellement. Ce droit peut \u00eatre exerc\u00e9 par voie \u00e9lectronique \u00e0 l\u2019adresse email suivante <a href=\"mailto:contact@m-mouchette.com\">contact@m-mouchette.com<\/a>.<br \/>\nLes informations personnelles collect\u00e9es ne sont en aucun cas confi\u00e9es \u00e0 des tiers hormis pour l\u2019\u00e9ventuelle bonne ex\u00e9cution de la prestation command\u00e9e par l\u2019internaute.<\/p>\n<p>[\/et_pb_text][et_pb_text admin_label=&#8221;Confidentialit\u00e9&#8221; _builder_version=&#8221;4.9.0&#8243; _module_preset=&#8221;default&#8221;]<\/p>\n<h2>Confidentialit\u00e9<\/h2>\n<p>Vos donn\u00e9es personnelles sont confidentielles et ne seront en aucun cas communiqu\u00e9es \u00e0 des tiers hormis pour la bonne ex\u00e9cution de la prestation.<br \/>\nPropri\u00e9t\u00e9 intellectuelle<br \/>\nTout le contenu du pr\u00e9sent site, incluant, de fa\u00e7on non limitative, le design g\u00e9n\u00e9ral, les images, les textes, les vid\u00e9os, animations, sons, logos, gifs et ic\u00f4nes ainsi que leur mise en forme sont la propri\u00e9t\u00e9 exclusive de <a href=\"https:\/\/www.m-mouchette.com\">www.m-mouchette.com<\/a>  \u00e0 l\u2019exception des marques, logos ou contenus appartenant \u00e0 d\u2019autres soci\u00e9t\u00e9s partenaires ou auteurs.<br \/>\nToute reproduction, distribution, modification, adaptation, retransmission ou publication, m\u00eame partielle, de ces diff\u00e9rents \u00e9l\u00e9ments est strictement interdite sans l\u2019accord expr\u00e8s par \u00e9crit de <a href=\"https:\/\/www.m-mouchette.com\">www.m-mouchette.com<\/a>. Cette repr\u00e9sentation ou reproduction, par quelque proc\u00e9d\u00e9 que ce soit, constitue une contrefa\u00e7on sanctionn\u00e9e par les articles L.3335-2 et suivants du Code de la propri\u00e9t\u00e9 intellectuelle. Le non-respect de cette interdiction constitue une contrefa\u00e7on pouvant engager la responsabilit\u00e9 civile et p\u00e9nale du contrefacteur. En outre, les propri\u00e9taires des contenus copi\u00e9s pourraient intenter une action en justice \u00e0 votre encontre.<\/p>\n<p><a href=\"https:\/\/www.m-mouchette.com\">www.m-mouchette.com<\/a>  est identiquement propri\u00e9taire des \u00ab droits des producteurs de bases de donn\u00e9es \u00bb vis\u00e9s au Livre III, Titre IV, du Code de la Propri\u00e9t\u00e9 Intellectuelle (loi n\u00b0 98-536 du 1er juillet 1998) relative aux droits d\u2019auteur et aux bases de donn\u00e9es.<\/p>\n<p>[\/et_pb_text][\/et_pb_column][et_pb_column type=&#8221;1_2&#8243; _builder_version=&#8221;4.5.6&#8243; _module_preset=&#8221;default&#8221;][et_pb_text admin_label=&#8221;H\u00e9bergeur&#8221; _builder_version=&#8221;4.9.0&#8243; _module_preset=&#8221;default&#8221;]<\/p>\n<h2>H\u00e9bergeur<\/h2>\n<p>L\u2019h\u00e9bergement du site <a href=\"https:\/\/www.m-mouchette.com\">www.m-mouchette.com<\/a>  est assur\u00e9 par la soci\u00e9t\u00e9 : OVH<br \/>\nSAS au capital de 10 000 000 \u20ac<br \/>\nRCS Roubaix \u2013 Tourcoing 424 761 419 00045<br \/>\nCode APE 6202A<br \/>\nN\u00b0 TVA : FR 22 424 761 419<br \/>\n2 rue Kellermann 59100 Roubaix \u2013 France<\/p>\n<p>[\/et_pb_text][et_pb_text admin_label=&#8221;Conditions de service&#8221; _builder_version=&#8221;4.9.0&#8243; _module_preset=&#8221;default&#8221;]<\/p>\n<h2>Conditions de service<\/h2>\n<p>Ce site est produit sous le CMS WordPress, pour un meilleur confort d\u2019utilisation et un graphisme plus agr\u00e9able, nous vous recommandons de recourir \u00e0 des navigateurs modernes et surtout r\u00e9cents tels que Safari, Firefox, Chrome,\u2026 <\/p>\n<p>[\/et_pb_text][et_pb_text admin_label=&#8221;Informations et exclusion&#8221; _builder_version=&#8221;4.9.0&#8243; _module_preset=&#8221;default&#8221;]<\/p>\n<h2>Informations et exclusion<\/h2>\n<p>Le site Internet <a href=\"https:\/\/www.m-mouchette.com\">www.m-mouchette.com<\/a>  met en \u0153uvre tous les moyens dont elle dispose, pour assurer une information fiable et une mise \u00e0 jour fiable de son site internet. Toutefois, des erreurs ou omissions peuvent survenir. L\u2019internaute devra donc s\u2019assurer de l\u2019exactitude des informations aupr\u00e8s de de l\u2019un des deux \u00e9diteurs du site, et signaler toutes modifications du site qu\u2019il jugerait utile. Les \u00e9diteurs ne peuvent en aucun cas \u00eatre responsable de l\u2019utilisation faite de ces informations, et de tout pr\u00e9judice direct ou indirect pouvant en d\u00e9couler.  <\/p>\n<p>[\/et_pb_text][et_pb_text admin_label=&#8221;Cookies&#8221; _builder_version=&#8221;4.9.0&#8243; _module_preset=&#8221;default&#8221;]<\/p>\n<h2>Cookies<\/h2>\n<p>Pour des besoins de statistiques et d\u2019affichage, le pr\u00e9sent site utilise des cookies. Il s\u2019agit de petits fichiers textes stock\u00e9s sur votre disque dur afin d\u2019enregistrer des donn\u00e9es techniques sur votre navigation. Certaines parties de ce site ne peuvent \u00eatre fonctionnelle sans l\u2019acceptation de cookies. <\/p>\n<p>[\/et_pb_text][et_pb_text admin_label=&#8221;Liens hypertextes&#8221; _builder_version=&#8221;4.9.0&#8243; _module_preset=&#8221;default&#8221;]<\/p>\n<h2>Liens hypertextes<\/h2>\n<p>Le site internet <a href=\"https:\/\/www.m-mouchette.com\">www.m-mouchette.com<\/a>  peut offrir des liens vers d\u2019autres sites internet ou d\u2019autres ressources disponibles sur Internet, notamment les sites Internet pour lesquels l\u2019un des \u00e9diteurs a effectu\u00e9 une prestation de service.<\/p>\n<p>Les utilisateurs et les visiteurs de ce site internet ne peuvent mettre en place un hyperlien en direction de ce m\u00eame site sans l\u2019autorisation expresse et pr\u00e9alable de l\u2019un de ses \u00e9diteurs.<\/p>\n<p>Dans l\u2019hypoth\u00e8se o\u00f9 un utilisateur ou visiteur souhaiterait mettre en place un hyperlien en direction de ce site Internet, il lui appartiendra d\u2019adresser une demande pr\u00e9alable via le formulaire de contact afin de formuler sa demande de mise en place d\u2019un hyperlien. Les \u00e9diteurs se r\u00e9servent le droit d\u2019accepter ou de refuser un hyperlien sans avoir \u00e0 en justifier leurs d\u00e9cisions.<\/p>\n<p>Malgr\u00e9 cela, le site Internet <a href=\"https:\/\/www.m-mouchette.com\">www.m-mouchette.com<\/a>  ne peut \u00eatre tenu responsable des hyperliens \u00e9manant de sites Internet tiers et pointant vers celui-ci.<br \/>\nResponsabilit\u00e9<br \/>\nAucune autre garantie n\u2019est accord\u00e9e au client, auquel incombe l\u2019obligation de formuler clairement ses besoins et le devoir de s\u2019informer. Si des informations fournies par <a href=\"https:\/\/www.m-mouchette.com\">www.m-mouchette.com<\/a>  apparaissent inexactes, il appartiendra au client de proc\u00e9der lui-m\u00eame \u00e0 toutes v\u00e9rifications de la coh\u00e9rence ou de la vraisemblance des r\u00e9sultats obtenus. Les \u00e9diteurs ne seront en aucune fa\u00e7on responsable vis \u00e0 vis des tiers de l\u2019utilisation par le client des informations ou de leur absence contenues dans ses produits y compris un de ses sites Internet. <\/p>\n<p>[\/et_pb_text][et_pb_text admin_label=&#8221;Contactez-nous&#8221; _builder_version=&#8221;4.9.0&#8243; _module_preset=&#8221;default&#8221;]<\/p>\n<h2>Contactez-nous<\/h2>\n<p>Les \u00e9diteurs du site <a href=\"https:\/\/www.m-mouchette.com\">www.m-mouchette.com<\/a>  sont \u00e0 votre disposition pour tous vos commentaires ou suggestions. Vous pouvez nous \u00e9crire en fran\u00e7ais par le biais du formulaire ou directement par courrier \u00e9lectronique \u00e0 l\u2019adresse email suivante <a href=\"mailto:contact@m-mouchette.com\">contact@m-mouchette.com<\/a><\/p>\n<p>[\/et_pb_text][\/et_pb_column][\/et_pb_row][\/et_pb_section]<\/p>\n","protected":false},"excerpt":{"rendered":"<p>LEGAL NOTICE\u00c9diteurs du site MOUCHETTEchez VAL FI Chemin de la Filature 76860 Ouville-la-Rivi\u00e8re &#8211; FranceT\u00e9l. +33 (0)7 88 39 22 85SIREN : 14288563Cr\u00e9ation site Internet Graphisme &amp; Design, Int\u00e9gration &amp; D\u00e9veloppement :Agence de communication, ROUGE SAFRANConditions d\u2019utilisation Ce site est accessible par les url suivants : www.m-mouchette.com et il est exploit\u00e9 dans le respect de [&hellip;]<\/p>\n","protected":false},"author":1,"featured_media":0,"parent":0,"menu_order":0,"comment_status":"closed","ping_status":"closed","template":"","meta":{"_et_pb_use_builder":"on","_et_pb_old_content":"","_et_gb_content_width":"","_monsterinsights_skip_tracking":false,"_monsterinsights_sitenote_active":false,"_monsterinsights_sitenote_note":"","_monsterinsights_sitenote_category":0,"footnotes":""},"class_list":["post-888","page","type-page","status-publish","hentry"],"yoast_head":"<!-- This site is optimized with the Yoast SEO plugin v27.4 - https:\/\/yoast.com\/product\/yoast-seo-wordpress\/ -->\n<title>Legal Notice - Mouchette<\/title>\n<meta name=\"robots\" content=\"index, follow, max-snippet:-1, max-image-preview:large, max-video-preview:-1\" \/>\n<link rel=\"canonical\" href=\"https:\/\/www.m-mouchette.com\/en\/legal-notice\/\" \/>\n<meta property=\"og:locale\" content=\"en_US\" \/>\n<meta property=\"og:type\" content=\"article\" \/>\n<meta property=\"og:title\" content=\"Legal Notice - Mouchette\" \/>\n<meta property=\"og:description\" content=\"LEGAL NOTICE\u00c9diteurs du site MOUCHETTEchez VAL FI Chemin de la Filature 76860 Ouville-la-Rivi\u00e8re - FranceT\u00e9l. +33 (0)7 88 39 22 85SIREN : 14288563Cr\u00e9ation site Internet Graphisme &amp; Design, Int\u00e9gration &amp; D\u00e9veloppement :Agence de communication, ROUGE SAFRANConditions d\u2019utilisation Ce site est accessible par les url suivants : www.m-mouchette.com et il est exploit\u00e9 dans le respect de [&hellip;]\" \/>\n<meta property=\"og:url\" content=\"https:\/\/www.m-mouchette.com\/en\/legal-notice\/\" \/>\n<meta property=\"og:site_name\" content=\"Mouchette\" \/>\n<meta property=\"article:publisher\" content=\"https:\/\/www.facebook.com\/mouchettehomefragrances\" \/>\n<meta property=\"article:modified_time\" content=\"2021-04-21T14:32:23+00:00\" \/>\n<meta name=\"twitter:card\" content=\"summary_large_image\" \/>\n<meta name=\"twitter:label1\" content=\"Est. reading time\" \/>\n\t<meta name=\"twitter:data1\" content=\"7 minutes\" \/>\n<script type=\"application\/ld+json\" class=\"yoast-schema-graph\">{\"@context\":\"https:\\\/\\\/schema.org\",\"@graph\":[{\"@type\":\"WebPage\",\"@id\":\"https:\\\/\\\/www.m-mouchette.com\\\/en\\\/legal-notice\\\/\",\"url\":\"https:\\\/\\\/www.m-mouchette.com\\\/en\\\/legal-notice\\\/\",\"name\":\"Legal Notice - Mouchette\",\"isPartOf\":{\"@id\":\"https:\\\/\\\/www.m-mouchette.com\\\/en\\\/#website\"},\"datePublished\":\"2021-02-20T16:17:18+00:00\",\"dateModified\":\"2021-04-21T14:32:23+00:00\",\"breadcrumb\":{\"@id\":\"https:\\\/\\\/www.m-mouchette.com\\\/en\\\/legal-notice\\\/#breadcrumb\"},\"inLanguage\":\"en-US\",\"potentialAction\":[{\"@type\":\"ReadAction\",\"target\":[\"https:\\\/\\\/www.m-mouchette.com\\\/en\\\/legal-notice\\\/\"]}]},{\"@type\":\"BreadcrumbList\",\"@id\":\"https:\\\/\\\/www.m-mouchette.com\\\/en\\\/legal-notice\\\/#breadcrumb\",\"itemListElement\":[{\"@type\":\"ListItem\",\"position\":1,\"name\":\"Accueil\",\"item\":\"https:\\\/\\\/www.m-mouchette.com\\\/en\\\/\"},{\"@type\":\"ListItem\",\"position\":2,\"name\":\"Legal Notice\"}]},{\"@type\":\"WebSite\",\"@id\":\"https:\\\/\\\/www.m-mouchette.com\\\/en\\\/#website\",\"url\":\"https:\\\/\\\/www.m-mouchette.com\\\/en\\\/\",\"name\":\"Mouchette\",\"description\":\"Bougies parfum\u00e9es\",\"publisher\":{\"@id\":\"https:\\\/\\\/www.m-mouchette.com\\\/en\\\/#organization\"},\"potentialAction\":[{\"@type\":\"SearchAction\",\"target\":{\"@type\":\"EntryPoint\",\"urlTemplate\":\"https:\\\/\\\/www.m-mouchette.com\\\/en\\\/?s={search_term_string}\"},\"query-input\":{\"@type\":\"PropertyValueSpecification\",\"valueRequired\":true,\"valueName\":\"search_term_string\"}}],\"inLanguage\":\"en-US\"},{\"@type\":\"Organization\",\"@id\":\"https:\\\/\\\/www.m-mouchette.com\\\/en\\\/#organization\",\"name\":\"MOUCHETTE\",\"url\":\"https:\\\/\\\/www.m-mouchette.com\\\/en\\\/\",\"logo\":{\"@type\":\"ImageObject\",\"inLanguage\":\"en-US\",\"@id\":\"https:\\\/\\\/www.m-mouchette.com\\\/en\\\/#\\\/schema\\\/logo\\\/image\\\/\",\"url\":\"https:\\\/\\\/www.m-mouchette.com\\\/wp-content\\\/uploads\\\/2020\\\/10\\\/logo-fact-mid.png\",\"contentUrl\":\"https:\\\/\\\/www.m-mouchette.com\\\/wp-content\\\/uploads\\\/2020\\\/10\\\/logo-fact-mid.png\",\"width\":380,\"height\":120,\"caption\":\"MOUCHETTE\"},\"image\":{\"@id\":\"https:\\\/\\\/www.m-mouchette.com\\\/en\\\/#\\\/schema\\\/logo\\\/image\\\/\"},\"sameAs\":[\"https:\\\/\\\/www.facebook.com\\\/mouchettehomefragrances\",\"https:\\\/\\\/www.instagram.com\\\/m.mouchette\"]}]}<\/script>\n<!-- \/ Yoast SEO plugin. -->","yoast_head_json":{"title":"Legal Notice - Mouchette","robots":{"index":"index","follow":"follow","max-snippet":"max-snippet:-1","max-image-preview":"max-image-preview:large","max-video-preview":"max-video-preview:-1"},"canonical":"https:\/\/www.m-mouchette.com\/en\/legal-notice\/","og_locale":"en_US","og_type":"article","og_title":"Legal Notice - Mouchette","og_description":"LEGAL NOTICE\u00c9diteurs du site MOUCHETTEchez VAL FI Chemin de la Filature 76860 Ouville-la-Rivi\u00e8re - FranceT\u00e9l. +33 (0)7 88 39 22 85SIREN : 14288563Cr\u00e9ation site Internet Graphisme &amp; Design, Int\u00e9gration &amp; D\u00e9veloppement :Agence de communication, ROUGE SAFRANConditions d\u2019utilisation Ce site est accessible par les url suivants : www.m-mouchette.com et il est exploit\u00e9 dans le respect de [&hellip;]","og_url":"https:\/\/www.m-mouchette.com\/en\/legal-notice\/","og_site_name":"Mouchette","article_publisher":"https:\/\/www.facebook.com\/mouchettehomefragrances","article_modified_time":"2021-04-21T14:32:23+00:00","twitter_card":"summary_large_image","twitter_misc":{"Est. reading time":"7 minutes"},"schema":{"@context":"https:\/\/schema.org","@graph":[{"@type":"WebPage","@id":"https:\/\/www.m-mouchette.com\/en\/legal-notice\/","url":"https:\/\/www.m-mouchette.com\/en\/legal-notice\/","name":"Legal Notice - Mouchette","isPartOf":{"@id":"https:\/\/www.m-mouchette.com\/en\/#website"},"datePublished":"2021-02-20T16:17:18+00:00","dateModified":"2021-04-21T14:32:23+00:00","breadcrumb":{"@id":"https:\/\/www.m-mouchette.com\/en\/legal-notice\/#breadcrumb"},"inLanguage":"en-US","potentialAction":[{"@type":"ReadAction","target":["https:\/\/www.m-mouchette.com\/en\/legal-notice\/"]}]},{"@type":"BreadcrumbList","@id":"https:\/\/www.m-mouchette.com\/en\/legal-notice\/#breadcrumb","itemListElement":[{"@type":"ListItem","position":1,"name":"Accueil","item":"https:\/\/www.m-mouchette.com\/en\/"},{"@type":"ListItem","position":2,"name":"Legal Notice"}]},{"@type":"WebSite","@id":"https:\/\/www.m-mouchette.com\/en\/#website","url":"https:\/\/www.m-mouchette.com\/en\/","name":"Mouchette","description":"Bougies parfum\u00e9es","publisher":{"@id":"https:\/\/www.m-mouchette.com\/en\/#organization"},"potentialAction":[{"@type":"SearchAction","target":{"@type":"EntryPoint","urlTemplate":"https:\/\/www.m-mouchette.com\/en\/?s={search_term_string}"},"query-input":{"@type":"PropertyValueSpecification","valueRequired":true,"valueName":"search_term_string"}}],"inLanguage":"en-US"},{"@type":"Organization","@id":"https:\/\/www.m-mouchette.com\/en\/#organization","name":"MOUCHETTE","url":"https:\/\/www.m-mouchette.com\/en\/","logo":{"@type":"ImageObject","inLanguage":"en-US","@id":"https:\/\/www.m-mouchette.com\/en\/#\/schema\/logo\/image\/","url":"https:\/\/www.m-mouchette.com\/wp-content\/uploads\/2020\/10\/logo-fact-mid.png","contentUrl":"https:\/\/www.m-mouchette.com\/wp-content\/uploads\/2020\/10\/logo-fact-mid.png","width":380,"height":120,"caption":"MOUCHETTE"},"image":{"@id":"https:\/\/www.m-mouchette.com\/en\/#\/schema\/logo\/image\/"},"sameAs":["https:\/\/www.facebook.com\/mouchettehomefragrances","https:\/\/www.instagram.com\/m.mouchette"]}]}},"_links":{"self":[{"href":"https:\/\/www.m-mouchette.com\/en\/wp-json\/wp\/v2\/pages\/888","targetHints":{"allow":["GET"]}}],"collection":[{"href":"https:\/\/www.m-mouchette.com\/en\/wp-json\/wp\/v2\/pages"}],"about":[{"href":"https:\/\/www.m-mouchette.com\/en\/wp-json\/wp\/v2\/types\/page"}],"author":[{"embeddable":true,"href":"https:\/\/www.m-mouchette.com\/en\/wp-json\/wp\/v2\/users\/1"}],"replies":[{"embeddable":true,"href":"https:\/\/www.m-mouchette.com\/en\/wp-json\/wp\/v2\/comments?post=888"}],"version-history":[{"count":8,"href":"https:\/\/www.m-mouchette.com\/en\/wp-json\/wp\/v2\/pages\/888\/revisions"}],"predecessor-version":[{"id":971,"href":"https:\/\/www.m-mouchette.com\/en\/wp-json\/wp\/v2\/pages\/888\/revisions\/971"}],"wp:attachment":[{"href":"https:\/\/www.m-mouchette.com\/en\/wp-json\/wp\/v2\/media?parent=888"}],"curies":[{"name":"wp","href":"https:\/\/api.w.org\/{rel}","templated":true}]}}